{"id":340,"date":"2021-09-07T10:50:28","date_gmt":"2021-09-07T10:50:28","guid":{"rendered":"https:\/\/kits.themecy.com\/memberships-3\/?page_id=5"},"modified":"2025-11-02T10:14:25","modified_gmt":"2025-11-02T09:14:25","slug":"__trashed","status":"publish","type":"page","link":"https:\/\/ateliertextileyachting.com\/","title":{"rendered":"Home"},"content":{"rendered":"\n<div class=\"wp-block-columns alignwide is-layout-flex wp-container-core-columns-is-layout-28f84493 wp-block-columns-is-layout-flex\">\n<div class=\"wp-block-column is-layout-flow wp-block-column-is-layout-flow\" style=\"flex-basis:100%\">\n<div class=\"wp-block-cover alignfull has-base-color has-text-color has-medium-font-size wp-duotone-unset-1\" style=\"min-height:601px;aspect-ratio:unset;\"><img loading=\"lazy\" decoding=\"async\" width=\"1024\" height=\"683\" class=\"wp-block-cover__image-background wp-image-757 size-large\" alt=\"\" src=\"https:\/\/ateliertextileyachting.com\/wp-content\/uploads\/2025\/06\/SALON-YACHTING-1024x683.png\" data-object-fit=\"cover\" srcset=\"https:\/\/ateliertextileyachting.com\/wp-content\/uploads\/2025\/06\/SALON-YACHTING-1024x683.png 1024w, https:\/\/ateliertextileyachting.com\/wp-content\/uploads\/2025\/06\/SALON-YACHTING-300x200.png 300w, https:\/\/ateliertextileyachting.com\/wp-content\/uploads\/2025\/06\/SALON-YACHTING-768x512.png 768w, https:\/\/ateliertextileyachting.com\/wp-content\/uploads\/2025\/06\/SALON-YACHTING.png 1536w\" sizes=\"auto, (max-width: 1024px) 100vw, 1024px\" \/><span aria-hidden=\"true\" class=\"wp-block-cover__background has-background-dim-0 has-background-dim\" style=\"background-color:#8b7054\"><\/span><div class=\"wp-block-cover__inner-container is-layout-flow wp-container-core-cover-is-layout-8a368f38 wp-block-cover-is-layout-flow\">\n<p><\/p>\n\n\n\n<p><\/p>\n\n\n\n<h1 class=\"wp-block-heading has-text-align-center has-palette-color-8-color has-text-color has-link-color wp-elements-173cf117c06120af92d97b916a33eb13\">L&rsquo;ART DU YACHTING FA\u00c7ONN\u00c9 SUR-MESURE<\/h1>\n\n\n\n<figure class=\"wp-block-image size-full is-resized\"><img loading=\"lazy\" decoding=\"async\" width=\"100\" height=\"100\" src=\"https:\/\/ateliertextileyachting.com\/wp-content\/uploads\/2025\/09\/pix_transparent-1.png\" alt=\"\" class=\"wp-image-1697\" style=\"width:31px;height:auto\"\/><\/figure>\n\n\n\n<p class=\"has-text-align-center has-palette-color-8-color has-text-color has-link-color wp-elements-4d13a1387b0b014430d36e585052e96b\">Pi\u00e8ces uniques mariant design, innovation et&nbsp;artisanat d&rsquo;exception<\/p>\n\n\n\n<p><\/p>\n\n\n\n<p class=\"has-text-align-center has-text-color\" style=\"color:#ffffff;font-size:clamp(14px, 0.875rem + ((1vw - 3.2px) * 0.469), 20px);line-height:1.5\"><br><br><br><\/p>\n\n\n\n<figure class=\"wp-block-image size-full is-resized\"><img loading=\"lazy\" decoding=\"async\" width=\"100\" height=\"100\" src=\"https:\/\/ateliertextileyachting.com\/wp-content\/uploads\/2025\/09\/pix_transparent-1.png\" alt=\"\" class=\"wp-image-1697\" style=\"width:41px;height:auto\"\/><\/figure>\n<\/div><\/div>\n<\/div>\n<\/div>\n\n\n\n<figure class=\"wp-block-image size-full is-resized\"><img loading=\"lazy\" decoding=\"async\" width=\"100\" height=\"100\" src=\"https:\/\/ateliertextileyachting.com\/wp-content\/uploads\/2025\/09\/pix_transparent-1.png\" alt=\"\" class=\"wp-image-1697\" style=\"width:37px;height:auto\"\/><\/figure>\n\n\n\n<div class=\"wp-block-columns is-layout-flex wp-container-core-columns-is-layout-28f84493 wp-block-columns-is-layout-flex\">\n<div class=\"wp-block-column is-layout-flow wp-block-column-is-layout-flow\">\n<h2 class=\"wp-block-heading has-text-align-center\"><strong><em>Savoir-faire<\/em><\/strong><\/h2>\n\n\n\n<p class=\"has-text-align-center\"><strong>Textiles d\u2019ameublement et&nbsp;costumes<\/strong> haut&nbsp;de gamme, entre tradition et&nbsp;innovation.<\/p>\n<\/div>\n\n\n\n<div class=\"wp-block-column is-layout-flow wp-block-column-is-layout-flow\">\n<h2 class=\"wp-block-heading has-text-align-center\"><strong><em>Sur-mesure<\/em><\/strong><\/h2>\n\n\n\n<p class=\"has-text-align-center\">Des cr\u00e9ations exclusives, <br>pens\u00e9es&nbsp;pour l\u2019<strong>\u00e9l\u00e9gance<\/strong> <br>et le&nbsp;confort.<\/p>\n<\/div>\n\n\n\n<div class=\"wp-block-column is-layout-flow wp-block-column-is-layout-flow\">\n<h2 class=\"wp-block-heading has-text-align-center\"><strong><em>Atelier<\/em><\/strong><\/h2>\n\n\n\n<p class=\"has-text-align-center\"><strong>Co-cr\u00e9ation<\/strong>, o\u00f9 chaque propri\u00e9taire de&nbsp;yacht voit ses envies transform\u00e9es<br> en <strong>cr\u00e9ations textiles uniques<\/strong>.<\/p>\n<\/div>\n<\/div>\n\n\n\n<p><\/p>\n\n\n\n<figure class=\"wp-block-image size-full is-resized\"><img loading=\"lazy\" decoding=\"async\" width=\"100\" height=\"100\" src=\"https:\/\/ateliertextileyachting.com\/wp-content\/uploads\/2025\/09\/pix_transparent-1.png\" alt=\"\" class=\"wp-image-1697\" style=\"width:36px;height:auto\"\/><\/figure>\n\n\n\n<figure class=\"wp-block-image size-full is-resized\"><img loading=\"lazy\" decoding=\"async\" width=\"100\" height=\"100\" src=\"https:\/\/ateliertextileyachting.com\/wp-content\/uploads\/2025\/09\/pix_transparent-1.png\" alt=\"\" class=\"wp-image-1697\" style=\"width:36px;height:auto\"\/><\/figure>\n\n\n\n<h2 class=\"wp-block-heading has-text-align-center\">Et si le confort prenait la forme <br>de vos&nbsp;envies&nbsp;?<\/h2>\n\n\n\n<p class=\"has-text-align-center\">Pour un \u00e9v\u00e9nement particulier ou simplement au&nbsp;quotidien.<\/p>\n\n\n\n<figure class=\"wp-block-image size-full is-resized\"><img loading=\"lazy\" decoding=\"async\" width=\"100\" height=\"100\" src=\"https:\/\/ateliertextileyachting.com\/wp-content\/uploads\/2025\/09\/pix_transparent-1.png\" alt=\"\" class=\"wp-image-1697\" style=\"width:20px;height:auto\"\/><\/figure>\n\n\n\n<p class=\"has-text-align-center\">&#8211; Pi\u00e8ces signature &#8211;<\/p>\n\n\n<style>.kb-row-layout-id340_06646f-f2 > .kt-row-column-wrap{align-content:start;}:where(.kb-row-layout-id340_06646f-f2 > .kt-row-column-wrap) > .wp-block-kadence-column{justify-content:start;}.kb-row-layout-id340_06646f-f2 > .kt-row-column-wrap{column-gap:var(--global-kb-gap-md, 2rem);row-gap:var(--global-kb-gap-md, 2rem);padding-top:var(--global-kb-spacing-sm, 1.5rem);padding-bottom:var(--global-kb-spacing-sm, 1.5rem);grid-template-columns:repeat(2, minmax(0, 1fr));}.kb-row-layout-id340_06646f-f2 > .kt-row-layout-overlay{opacity:0.30;}@media all and (max-width: 1024px){.kb-row-layout-id340_06646f-f2 > .kt-row-column-wrap{grid-template-columns:repeat(2, minmax(0, 1fr));}}@media all and (max-width: 767px){.kb-row-layout-id340_06646f-f2 > .kt-row-column-wrap{grid-template-columns:minmax(0, 1fr);}}<\/style><div class=\"kb-row-layout-wrap kb-row-layout-id340_06646f-f2 alignnone wp-block-kadence-rowlayout\"><div class=\"kt-row-column-wrap kt-has-2-columns kt-row-layout-equal kt-tab-layout-inherit kt-mobile-layout-row kt-row-valign-top\">\n<style>.kadence-column340_c626a7-e2 > .kt-inside-inner-col,.kadence-column340_c626a7-e2 > .kt-inside-inner-col:before{border-top-left-radius:0px;border-top-right-radius:0px;border-bottom-right-radius:0px;border-bottom-left-radius:0px;}.kadence-column340_c626a7-e2 > .kt-inside-inner-col{column-gap:var(--global-kb-gap-sm, 1rem);}.kadence-column340_c626a7-e2 > .kt-inside-inner-col{flex-direction:column;}.kadence-column340_c626a7-e2 > .kt-inside-inner-col > .aligncenter{width:100%;}.kadence-column340_c626a7-e2 > .kt-inside-inner-col:before{opacity:0.3;}.kadence-column340_c626a7-e2{position:relative;}@media all and (max-width: 1024px){.kadence-column340_c626a7-e2 > .kt-inside-inner-col{flex-direction:column;justify-content:center;}}@media all and (max-width: 767px){.kadence-column340_c626a7-e2 > .kt-inside-inner-col{flex-direction:column;justify-content:center;}}<\/style>\n<div class=\"wp-block-kadence-column kadence-column340_c626a7-e2\"><div class=\"kt-inside-inner-col\">\n<div class=\"wp-block-group is-layout-constrained wp-block-group-is-layout-constrained\">\n<div class=\"wp-block-columns is-layout-flex wp-container-core-columns-is-layout-28f84493 wp-block-columns-is-layout-flex\">\n<div class=\"wp-block-column is-layout-flow wp-block-column-is-layout-flow\" style=\"flex-basis:100%\">\n<div class=\"wp-block-group is-layout-constrained wp-block-group-is-layout-constrained\">\n<figure class=\"wp-block-image size-full\"><font color=\"#000000\"><a href=\"https:\/\/ateliertextileyachting.com\/wp-content\/uploads\/2025\/06\/SALLE-DE-BAIN-AT-YAHTING.png\"><img decoding=\"async\" src=\"https:\/\/ateliertextileyachting.com\/wp-content\/uploads\/2025\/06\/SALLE-DE-BAIN-AT-YAHTING.png\" alt=\"\" style=\"width:408px;height:auto\" class=\"wp-image-1816\"\/><figcaption class=\"wp-element-caption\">Cr\u00e9ations uniques<\/figcaption><\/a><\/font><\/figure>\n<\/div>\n<\/div>\n<\/div>\n<\/div>\n\n\n\n<figure class=\"wp-block-image size-full is-resized\"><img loading=\"lazy\" decoding=\"async\" width=\"100\" height=\"100\" src=\"https:\/\/ateliertextileyachting.com\/wp-content\/uploads\/2025\/09\/pix_transparent-1.png\" alt=\"\" class=\"wp-image-1697\" style=\"width:24px;height:auto\"\/><\/figure>\n\n\n<\/div><\/div>\n\n\n<style>.kadence-column340_429eba-3e > .kt-inside-inner-col,.kadence-column340_429eba-3e > .kt-inside-inner-col:before{border-top-left-radius:0px;border-top-right-radius:0px;border-bottom-right-radius:0px;border-bottom-left-radius:0px;}.kadence-column340_429eba-3e > .kt-inside-inner-col{column-gap:var(--global-kb-gap-sm, 1rem);}.kadence-column340_429eba-3e > .kt-inside-inner-col{flex-direction:column;}.kadence-column340_429eba-3e > .kt-inside-inner-col > .aligncenter{width:100%;}.kadence-column340_429eba-3e > .kt-inside-inner-col:before{opacity:0.3;}.kadence-column340_429eba-3e{position:relative;}@media all and (max-width: 1024px){.kadence-column340_429eba-3e > .kt-inside-inner-col{flex-direction:column;justify-content:center;}}@media all and (max-width: 767px){.kadence-column340_429eba-3e > .kt-inside-inner-col{flex-direction:column;justify-content:center;}}<\/style>\n<div class=\"wp-block-kadence-column kadence-column340_429eba-3e\"><div class=\"kt-inside-inner-col\">\n<figure class=\"wp-block-image size-full\"><a href=\"https:\/\/ateliertextileyachting.com\/wp-content\/uploads\/2025\/06\/ATELIER-TEXTILE-YACHTING-CHAMBRE-.png\"><img decoding=\"async\" src=\"https:\/\/ateliertextileyachting.com\/wp-content\/uploads\/2025\/06\/ATELIER-TEXTILE-YACHTING-CHAMBRE-.png\" alt=\"\" style=\"width:408px;height:auto\" class=\"wp-image-1816\"\/><figcaption class=\"wp-element-caption\">Linge de maison haut de gamme<\/figcaption><\/a><\/figure>\n\n\n\n<figure class=\"wp-block-image size-full is-resized\"><img loading=\"lazy\" decoding=\"async\" width=\"100\" height=\"100\" src=\"https:\/\/ateliertextileyachting.com\/wp-content\/uploads\/2025\/09\/pix_transparent-1.png\" alt=\"\" class=\"wp-image-1697\" style=\"width:24px;height:auto\"\/><\/figure>\n\n\n<\/div><\/div>\n\n<\/div><\/div>\n\n\n<div class=\"wp-block-group is-layout-constrained wp-block-group-is-layout-constrained\">\n<div class=\"wp-block-group is-layout-constrained wp-block-group-is-layout-constrained\">\n<div class=\"wp-block-group is-nowrap is-layout-flex wp-container-core-group-is-layout-6c531013 wp-block-group-is-layout-flex\">\n<div class=\"wp-block-columns is-layout-flex wp-container-core-columns-is-layout-28f84493 wp-block-columns-is-layout-flex\"><\/div>\n<\/div>\n<\/div>\n\n\n\n<figure class=\"wp-block-image size-full is-resized\"><img loading=\"lazy\" decoding=\"async\" width=\"100\" height=\"100\" src=\"https:\/\/ateliertextileyachting.com\/wp-content\/uploads\/2025\/09\/pix_transparent-1.png\" alt=\"\" class=\"wp-image-1697\" style=\"width:36px;height:auto\"\/><\/figure>\n\n\n\n<h2 class=\"wp-block-heading has-text-align-center\"><em>Uniformes personnalis\u00e9s<\/em> <br><em><strong>pour \u00e9quipages<\/strong><\/em><br><br><em><strong> &#8230; et invit\u00e9s<\/strong><\/em><\/h2>\n\n\n\n<p class=\"has-text-align-center\"><strong><em>Atelier Textile Yachting<\/em><\/strong> con\u00e7oit des&nbsp;uniformes uniques et&nbsp;personnalis\u00e9s<br> toujours adapt\u00e9s aux&nbsp;exigences si particuli\u00e8res du&nbsp;yachting.<\/p>\n<\/div>\n\n\n\n<figure class=\"wp-block-image size-full is-resized\"><img loading=\"lazy\" decoding=\"async\" width=\"100\" height=\"100\" src=\"https:\/\/ateliertextileyachting.com\/wp-content\/uploads\/2025\/09\/pix_transparent-1.png\" alt=\"\" class=\"wp-image-1697\" style=\"width:20px;height:auto\"\/><\/figure>\n\n\n\n<div class=\"wp-block-group is-layout-constrained wp-block-group-is-layout-constrained\">\n<p class=\"has-text-align-center\">&#8211; Pi\u00e8ces signature &#8211; <\/p>\n\n\n<style>.kb-row-layout-id340_149a52-f7 > .kt-row-column-wrap{align-content:start;}:where(.kb-row-layout-id340_149a52-f7 > .kt-row-column-wrap) > .wp-block-kadence-column{justify-content:start;}.kb-row-layout-id340_149a52-f7 > .kt-row-column-wrap{column-gap:var(--global-kb-gap-md, 2rem);row-gap:var(--global-kb-gap-md, 2rem);padding-top:var(--global-kb-spacing-sm, 1.5rem);padding-bottom:var(--global-kb-spacing-sm, 1.5rem);grid-template-columns:repeat(2, minmax(0, 1fr));}.kb-row-layout-id340_149a52-f7 > .kt-row-layout-overlay{opacity:0.30;}@media all and (max-width: 1024px){.kb-row-layout-id340_149a52-f7 > .kt-row-column-wrap{grid-template-columns:repeat(2, minmax(0, 1fr));}}@media all and (max-width: 767px){.kb-row-layout-id340_149a52-f7 > .kt-row-column-wrap{grid-template-columns:minmax(0, 1fr);}}<\/style><div class=\"kb-row-layout-wrap kb-row-layout-id340_149a52-f7 alignnone wp-block-kadence-rowlayout\"><div class=\"kt-row-column-wrap kt-has-2-columns kt-row-layout-equal kt-tab-layout-inherit kt-mobile-layout-row kt-row-valign-top\">\n<style>.kadence-column340_91526f-0d > .kt-inside-inner-col,.kadence-column340_91526f-0d > .kt-inside-inner-col:before{border-top-left-radius:0px;border-top-right-radius:0px;border-bottom-right-radius:0px;border-bottom-left-radius:0px;}.kadence-column340_91526f-0d > .kt-inside-inner-col{column-gap:var(--global-kb-gap-sm, 1rem);}.kadence-column340_91526f-0d > .kt-inside-inner-col{flex-direction:column;}.kadence-column340_91526f-0d > .kt-inside-inner-col > .aligncenter{width:100%;}.kadence-column340_91526f-0d > .kt-inside-inner-col:before{opacity:0.3;}.kadence-column340_91526f-0d{position:relative;}@media all and (max-width: 1024px){.kadence-column340_91526f-0d > .kt-inside-inner-col{flex-direction:column;justify-content:center;}}@media all and (max-width: 767px){.kadence-column340_91526f-0d > .kt-inside-inner-col{flex-direction:column;justify-content:center;}}<\/style>\n<div class=\"wp-block-kadence-column kadence-column340_91526f-0d\"><div class=\"kt-inside-inner-col\">\n<div class=\"wp-block-group is-layout-constrained wp-block-group-is-layout-constrained\">\n<div class=\"wp-block-columns is-layout-flex wp-container-core-columns-is-layout-28f84493 wp-block-columns-is-layout-flex\">\n<div class=\"wp-block-column is-layout-flow wp-block-column-is-layout-flow\" style=\"flex-basis:100%\">\n<div class=\"wp-block-group is-layout-constrained wp-block-group-is-layout-constrained\">\n<figure class=\"wp-block-image size-full\"><font color=\"#000000\"><a href=\"https:\/\/ateliertextileyachting.com\/wp-content\/uploads\/2025\/09\/AT-YACHTING-ATELIER.png\"><img loading=\"lazy\" decoding=\"async\" width=\"812\" height=\"538\" src=\"https:\/\/ateliertextileyachting.com\/wp-content\/uploads\/2025\/09\/cadrage_atelier.png\" alt=\"\" style=\"width:408px;height:auto\" class=\"wp-image-1816\" srcset=\"https:\/\/ateliertextileyachting.com\/wp-content\/uploads\/2025\/09\/cadrage_atelier.png 812w, https:\/\/ateliertextileyachting.com\/wp-content\/uploads\/2025\/09\/cadrage_atelier-300x199.png 300w, https:\/\/ateliertextileyachting.com\/wp-content\/uploads\/2025\/09\/cadrage_atelier-768x509.png 768w\" sizes=\"auto, (max-width: 812px) 100vw, 812px\" \/><figcaption class=\"wp-element-caption\">Un atelier cr\u00e9atif et innovant<\/figcaption><\/a><\/font><\/figure>\n<\/div>\n<\/div>\n<\/div>\n<\/div>\n\n\n\n<figure class=\"wp-block-image size-full is-resized\"><img loading=\"lazy\" decoding=\"async\" width=\"100\" height=\"100\" src=\"https:\/\/ateliertextileyachting.com\/wp-content\/uploads\/2025\/09\/pix_transparent-1.png\" alt=\"\" class=\"wp-image-1697\" style=\"width:24px;height:auto\"\/><\/figure>\n\n\n\n<figure class=\"wp-block-image size-full\"><a href=\"https:\/\/ateliertextileyachting.com\/wp-content\/uploads\/2025\/09\/ARTELIER-1_.png\"><img decoding=\"async\" src=\"https:\/\/ateliertextileyachting.com\/wp-content\/uploads\/2025\/09\/cadrage_costume-1.png\" alt=\"\" style=\"width:408px;height:auto\" class=\"wp-image-1816\"\/><figcaption class=\"wp-element-caption\">Costumes d&rsquo;\u00e9quipages sur mesure<\/figcaption><\/a><\/figure>\n<\/div><\/div>\n\n\n<style>.kadence-column340_9aac7e-5e > .kt-inside-inner-col,.kadence-column340_9aac7e-5e > .kt-inside-inner-col:before{border-top-left-radius:0px;border-top-right-radius:0px;border-bottom-right-radius:0px;border-bottom-left-radius:0px;}.kadence-column340_9aac7e-5e > .kt-inside-inner-col{column-gap:var(--global-kb-gap-sm, 1rem);}.kadence-column340_9aac7e-5e > .kt-inside-inner-col{flex-direction:column;}.kadence-column340_9aac7e-5e > .kt-inside-inner-col > .aligncenter{width:100%;}.kadence-column340_9aac7e-5e > .kt-inside-inner-col:before{opacity:0.3;}.kadence-column340_9aac7e-5e{position:relative;}@media all and (max-width: 1024px){.kadence-column340_9aac7e-5e > .kt-inside-inner-col{flex-direction:column;justify-content:center;}}@media all and (max-width: 767px){.kadence-column340_9aac7e-5e > .kt-inside-inner-col{flex-direction:column;justify-content:center;}}<\/style>\n<div class=\"wp-block-kadence-column kadence-column340_9aac7e-5e\"><div class=\"kt-inside-inner-col\">\n<figure class=\"wp-block-image size-full\"><a href=\"https:\/\/ateliertextileyachting.com\/wp-content\/uploads\/2025\/06\/MODERN-MARIN-MB92.jpg\"><img decoding=\"async\" src=\"https:\/\/ateliertextileyachting.com\/wp-content\/uploads\/2025\/09\/cadrage_marine.png\" alt=\"\" style=\"width:408px;height:auto\" class=\"wp-image-1816\"\/><figcaption class=\"wp-element-caption\">Collection <i>Modern Marin<\/i><\/figcaption><\/a><\/figure>\n\n\n\n<figure class=\"wp-block-image size-full is-resized\"><img loading=\"lazy\" decoding=\"async\" width=\"100\" height=\"100\" src=\"https:\/\/ateliertextileyachting.com\/wp-content\/uploads\/2025\/09\/pix_transparent-1.png\" alt=\"\" class=\"wp-image-1697\" style=\"width:24px;height:auto\"\/><\/figure>\n\n\n\n<figure class=\"wp-block-image size-full\"><a href=\"https:\/\/ateliertextileyachting.com\/wp-content\/uploads\/2025\/06\/ATELIER-YACHTING-COUTURE.png\"><img decoding=\"async\" src=\"https:\/\/ateliertextileyachting.com\/wp-content\/uploads\/2025\/09\/cadrage_ciseaux.png\" alt=\"\" style=\"width:408px;height:auto\" class=\"wp-image-1816\"\/><figcaption class=\"wp-element-caption\">Donnons vie \u00e0 vos envies.<\/figcaption><\/a><\/figure>\n<\/div><\/div>\n\n<\/div><\/div>\n\n\n<div class=\"wp-block-group is-layout-constrained wp-block-group-is-layout-constrained\">\n<div class=\"wp-block-columns is-layout-flex wp-container-core-columns-is-layout-28f84493 wp-block-columns-is-layout-flex\">\n<div class=\"wp-block-column is-layout-flow wp-block-column-is-layout-flow\"><\/div>\n\n\n\n<div class=\"wp-block-column is-layout-flow wp-block-column-is-layout-flow\"><\/div>\n<\/div>\n<\/div>\n<\/div>\n\n\n<style>.kb-row-layout-id340_ed9b76-d5 > .kt-row-column-wrap{align-content:start;}:where(.kb-row-layout-id340_ed9b76-d5 > .kt-row-column-wrap) > .wp-block-kadence-column{justify-content:start;}.kb-row-layout-id340_ed9b76-d5 > .kt-row-column-wrap{column-gap:var(--global-kb-gap-md, 2rem);row-gap:var(--global-kb-gap-md, 2rem);padding-top:var(--global-kb-spacing-sm, 1.5rem);padding-bottom:var(--global-kb-spacing-sm, 1.5rem);grid-template-columns:minmax(0, 1fr);}.kb-row-layout-id340_ed9b76-d5 > .kt-row-layout-overlay{opacity:0.30;}@media all and (max-width: 1024px){.kb-row-layout-id340_ed9b76-d5 > .kt-row-column-wrap{grid-template-columns:minmax(0, 1fr);}}@media all and (max-width: 767px){.kb-row-layout-id340_ed9b76-d5 > .kt-row-column-wrap{grid-template-columns:minmax(0, 1fr);}}<\/style><div class=\"kb-row-layout-wrap kb-row-layout-id340_ed9b76-d5 alignnone wp-block-kadence-rowlayout\"><div class=\"kt-row-column-wrap kt-has-1-columns kt-row-layout-equal kt-tab-layout-inherit kt-mobile-layout-row kt-row-valign-top\">\n<style>.kadence-column340_4905b6-47 > .kt-inside-inner-col,.kadence-column340_4905b6-47 > .kt-inside-inner-col:before{border-top-left-radius:0px;border-top-right-radius:0px;border-bottom-right-radius:0px;border-bottom-left-radius:0px;}.kadence-column340_4905b6-47 > .kt-inside-inner-col{column-gap:var(--global-kb-gap-sm, 1rem);}.kadence-column340_4905b6-47 > .kt-inside-inner-col{flex-direction:column;}.kadence-column340_4905b6-47 > .kt-inside-inner-col > .aligncenter{width:100%;}.kadence-column340_4905b6-47 > .kt-inside-inner-col:before{opacity:0.3;}.kadence-column340_4905b6-47{position:relative;}@media all and (max-width: 1024px){.kadence-column340_4905b6-47 > .kt-inside-inner-col{flex-direction:column;justify-content:center;}}@media all and (max-width: 767px){.kadence-column340_4905b6-47 > .kt-inside-inner-col{flex-direction:column;justify-content:center;}}<\/style>\n<div class=\"wp-block-kadence-column kadence-column340_4905b6-47\"><div class=\"kt-inside-inner-col\">\n<h2 class=\"wp-block-heading has-text-align-center\"><a href=\"https:\/\/ateliertextileyachting.com\/?page_id=44\" data-type=\"page\" data-id=\"44\"><br><em><strong>Pourquoi Choisir Atelier Textile Yachting&nbsp;?<\/strong><\/em><\/a><\/h2>\n\n\n\n<p class=\"has-text-align-center\">Vous souhaitez<br> <strong> un accompagnement complet du&nbsp;design \u00e0 la&nbsp;livraison<\/strong>,<br>et garantir la&nbsp;qualit\u00e9 de&nbsp;produits d&rsquo;aujourd&rsquo;hui puisant leur source dans l&rsquo;art du textile traditionnel.<\/p>\n<\/div><\/div>\n\n<\/div><\/div>\n\n\n<p><\/p>\n","protected":false},"excerpt":{"rendered":"<p>Savoir-faire Textiles d\u2019ameublement et&nbsp;costumes haut&nbsp;de gamme, entre tradition et&nbsp;innovation. Sur-mesure Des cr\u00e9ations exclusives, pens\u00e9es&nbsp;pour l\u2019\u00e9l\u00e9gance et le&nbsp;confort. Atelier Co-cr\u00e9ation, o\u00f9 chaque propri\u00e9taire de&nbsp;yacht voit ses envies transform\u00e9es en cr\u00e9ations textiles uniques. Et si le confort prenait la forme de vos&nbsp;envies&nbsp;? Pour un \u00e9v\u00e9nement particulier ou simplement au&nbsp;quotidien. &#8211; Pi\u00e8ces signature &#8211; Cr\u00e9ations uniques Linge de [&hellip;]<\/p>\n","protected":false},"author":1,"featured_media":680,"parent":0,"menu_order":0,"comment_status":"closed","ping_status":"closed","template":"","meta":{"_kadence_starter_templates_imported_post":true,"footnotes":""},"class_list":["post-340","page","type-page","status-publish","has-post-thumbnail","hentry"],"blocksy_meta":[],"_links":{"self":[{"href":"https:\/\/ateliertextileyachting.com\/index.php?rest_route=\/wp\/v2\/pages\/340","targetHints":{"allow":["GET"]}}],"collection":[{"href":"https:\/\/ateliertextileyachting.com\/index.php?rest_route=\/wp\/v2\/pages"}],"about":[{"href":"https:\/\/ateliertextileyachting.com\/index.php?rest_route=\/wp\/v2\/types\/page"}],"author":[{"embeddable":true,"href":"https:\/\/ateliertextileyachting.com\/index.php?rest_route=\/wp\/v2\/users\/1"}],"replies":[{"embeddable":true,"href":"https:\/\/ateliertextileyachting.com\/index.php?rest_route=%2Fwp%2Fv2%2Fcomments&post=340"}],"version-history":[{"count":472,"href":"https:\/\/ateliertextileyachting.com\/index.php?rest_route=\/wp\/v2\/pages\/340\/revisions"}],"predecessor-version":[{"id":2373,"href":"https:\/\/ateliertextileyachting.com\/index.php?rest_route=\/wp\/v2\/pages\/340\/revisions\/2373"}],"wp:featuredmedia":[{"embeddable":true,"href":"https:\/\/ateliertextileyachting.com\/index.php?rest_route=\/wp\/v2\/media\/680"}],"wp:attachment":[{"href":"https:\/\/ateliertextileyachting.com\/index.php?rest_route=%2Fwp%2Fv2%2Fmedia&parent=340"}],"curies":[{"name":"wp","href":"https:\/\/api.w.org\/{rel}","templated":true}]}}