{"id":1381,"date":"2025-09-23T01:02:13","date_gmt":"2025-09-22T23:02:13","guid":{"rendered":"https:\/\/ateliertextileyachting.com\/?page_id=1381"},"modified":"2025-11-04T11:12:41","modified_gmt":"2025-11-04T10:12:41","slug":"about","status":"publish","type":"page","link":"https:\/\/ateliertextileyachting.com\/?page_id=1381","title":{"rendered":"About"},"content":{"rendered":"\n<div class=\"wp-block-columns is-layout-flex wp-container-core-columns-is-layout-28f84493 wp-block-columns-is-layout-flex\">\n<div class=\"wp-block-column is-layout-flow wp-block-column-is-layout-flow\" style=\"flex-basis:33.33%\">\n<figure class=\"wp-block-image alignright size-full is-resized\"><img loading=\"lazy\" decoding=\"async\" width=\"202\" height=\"244\" src=\"https:\/\/ateliertextileyachting.com\/wp-content\/uploads\/2025\/09\/sublimer_les_projets_petit_.png\" alt=\"\" class=\"wp-image-1635\" style=\"width:121px;height:auto\"\/><\/figure>\n\n\n<style>.kb-image1381_f2c3e2-93 .kb-image-has-overlay:after{opacity:0.3;}<\/style>\n<figure class=\"wp-block-kadence-image kb-image1381_f2c3e2-93 size-large\"><img decoding=\"async\" src=\"https:\/\/ateliertextileyachting.com\/wp-content\/uploads\/2025\/11\/portrait_anthony_siracusa_bigbleu.png\"\/><\/figure>\n\n\n\n<p class=\"has-text-align-right\">Anthony Siracusa<br><strong>Designer<\/strong><\/p>\n\n\n\n<p class=\"has-text-align-right\"><\/p>\n\n\n\n<p><\/p>\n<\/div>\n\n\n\n<div class=\"wp-block-column is-layout-flow wp-block-column-is-layout-flow\"><\/div>\n\n\n\n<div class=\"wp-block-column is-layout-flow wp-block-column-is-layout-flow\" style=\"flex-basis:60%\">\n<figure class=\"wp-block-image size-full is-resized\"><img loading=\"lazy\" decoding=\"async\" width=\"10\" height=\"10\" src=\"https:\/\/ateliertextileyachting.com\/wp-content\/uploads\/2025\/09\/pix.png\" alt=\"\" class=\"wp-image-1638\" style=\"width:158px;height:auto\"\/><\/figure>\n\n\n\n<p><em>Fondateur de l&rsquo;Atelier Textile Yachting<br>Directeur artistique<\/em>&nbsp;<\/p>\n\n\n\n<p class=\"has-small-font-size\">\u00ab Passionn\u00e9 par <em>l\u2019art du textile et le design<\/em> sur mesure, j\u2019ai fond\u00e9 l&rsquo;Atelier Textile Yachting avec une vision claire&nbsp;: proposer des cr\u00e9ations textiles d\u2019exception, pens\u00e9es sp\u00e9cialement pour l\u2019<em>univers raffin\u00e9 et exigeant du yachting<\/em>.<br>Fort d\u2019une expertise en design de mode, impression textile haut de gamme et confection sur mesure, je con\u00e7ois chaque projet comme une pi\u00e8ce unique \u2013 en alliant <strong>\u00e9l\u00e9gance, pr\u00e9cision et innovation<\/strong>. <br>Mon approche m\u00eale <em>savoir-faire artisanal fran\u00e7ais<\/em> et <em>ma\u00eetrise des technologies modernes<\/em>, telles que l\u2019impression num\u00e9rique ou encore la blockchain pour la certification et la protection des&nbsp;\u0153uvres.<\/p>\n\n\n\n<p><em>Cr\u00e9ateur textile et&nbsp;artiste NFT<\/em> reconnu \u00e0 l\u2019international, j&rsquo;affirme une signature artistique o\u00f9 l\u2019innovation rencontre l\u2019\u00e9motion. <br><strong>J\u2019accompagne chaque client dans un v\u00e9ritable processus de co-cr\u00e9ation<\/strong>, du premier croquis jusqu\u2019au produit fini&nbsp;:<br>sur des collections pour \u00e9quipages, des pi\u00e8ces d\u2019exception pour les invit\u00e9s \u00e0 bord, des textiles d\u00e9coratifs pour l\u2019am\u00e9nagement int\u00e9rieur. \u00bb<\/p>\n\n\n\n<p><\/p>\n<\/div>\n<\/div>\n\n\n\n<div class=\"wp-block-columns is-layout-flex wp-container-core-columns-is-layout-28f84493 wp-block-columns-is-layout-flex\">\n<div class=\"wp-block-column is-layout-flow wp-block-column-is-layout-flow\" style=\"flex-basis:100%\">\n<div class=\"wp-block-columns is-layout-flex wp-container-core-columns-is-layout-28f84493 wp-block-columns-is-layout-flex\">\n<div class=\"wp-block-column is-layout-flow wp-block-column-is-layout-flow\" style=\"flex-basis:100%\"><\/div>\n<\/div>\n\n\n\n<div class=\"wp-block-columns is-layout-flex wp-container-core-columns-is-layout-28f84493 wp-block-columns-is-layout-flex\">\n<div class=\"wp-block-column is-layout-flow wp-block-column-is-layout-flow\" style=\"flex-basis:33.33%\"><\/div>\n\n\n\n<div class=\"wp-block-column is-layout-flow wp-block-column-is-layout-flow\" style=\"flex-basis:66.66%\"><\/div>\n<\/div>\n<\/div>\n<\/div>\n\n\n\n<p><\/p>\n","protected":false},"excerpt":{"rendered":"<p>Anthony SiracusaDesigner Fondateur de l&rsquo;Atelier Textile YachtingDirecteur artistique&nbsp; \u00ab Passionn\u00e9 par l\u2019art du textile et le design sur mesure, j\u2019ai fond\u00e9 l&rsquo;Atelier Textile Yachting avec une vision claire&nbsp;: proposer des cr\u00e9ations textiles d\u2019exception, pens\u00e9es sp\u00e9cialement pour l\u2019univers raffin\u00e9 et exigeant du yachting.Fort d\u2019une expertise en design de mode, impression textile haut de gamme et confection [&hellip;]<\/p>\n","protected":false},"author":1,"featured_media":0,"parent":0,"menu_order":0,"comment_status":"closed","ping_status":"closed","template":"","meta":{"_kadence_starter_templates_imported_post":false,"footnotes":""},"class_list":["post-1381","page","type-page","status-publish","hentry"],"blocksy_meta":[],"_links":{"self":[{"href":"https:\/\/ateliertextileyachting.com\/index.php?rest_route=\/wp\/v2\/pages\/1381","targetHints":{"allow":["GET"]}}],"collection":[{"href":"https:\/\/ateliertextileyachting.com\/index.php?rest_route=\/wp\/v2\/pages"}],"about":[{"href":"https:\/\/ateliertextileyachting.com\/index.php?rest_route=\/wp\/v2\/types\/page"}],"author":[{"embeddable":true,"href":"https:\/\/ateliertextileyachting.com\/index.php?rest_route=\/wp\/v2\/users\/1"}],"replies":[{"embeddable":true,"href":"https:\/\/ateliertextileyachting.com\/index.php?rest_route=%2Fwp%2Fv2%2Fcomments&post=1381"}],"version-history":[{"count":91,"href":"https:\/\/ateliertextileyachting.com\/index.php?rest_route=\/wp\/v2\/pages\/1381\/revisions"}],"predecessor-version":[{"id":2383,"href":"https:\/\/ateliertextileyachting.com\/index.php?rest_route=\/wp\/v2\/pages\/1381\/revisions\/2383"}],"wp:attachment":[{"href":"https:\/\/ateliertextileyachting.com\/index.php?rest_route=%2Fwp%2Fv2%2Fmedia&parent=1381"}],"curies":[{"name":"wp","href":"https:\/\/api.w.org\/{rel}","templated":true}]}}